{"id":255,"date":"2025-10-27T14:51:06","date_gmt":"2025-10-27T14:51:06","guid":{"rendered":"https:\/\/gruposantamaria.com\/condominiosolaris\/?page_id=255"},"modified":"2025-11-10T20:20:56","modified_gmt":"2025-11-10T20:20:56","slug":"nosotros","status":"publish","type":"page","link":"https:\/\/gruposantamaria.com\/condominiosolaris\/nosotros\/","title":{"rendered":"Nosotros"},"content":{"rendered":"\t\t<div data-elementor-type=\"wp-page\" data-elementor-id=\"255\" class=\"elementor elementor-255\">\n\t\t\t\t<div class=\"elementor-element elementor-element-963379f e-flex e-con-boxed e-con e-parent\" data-id=\"963379f\" data-element_type=\"container\" data-e-type=\"container\">\n\t\t\t\t\t<div class=\"e-con-inner\">\n\t\t<div class=\"elementor-element elementor-element-cf5104b e-con-full e-flex e-con e-child\" data-id=\"cf5104b\" data-element_type=\"container\" data-e-type=\"container\">\n\t\t\t\t<div class=\"elementor-element elementor-element-36356d1 elementor-invisible elementor-widget elementor-widget-image\" data-id=\"36356d1\" data-element_type=\"widget\" data-e-type=\"widget\" data-settings=\"{&quot;_animation&quot;:&quot;fadeIn&quot;,&quot;_animation_delay&quot;:1000}\" data-widget_type=\"image.default\">\n\t\t\t\t\t\t\t\t\t\t\t\t\t\t\t<img decoding=\"async\" src=\"https:\/\/gruposantamaria.com\/condominiosolaris\/wp-content\/uploads\/2025\/11\/fachada-miramar-606x561-1.png\" title=\"fachada miramar 606&#215;561\" alt=\"fachada miramar 606x561\" loading=\"lazy\" \/>\t\t\t\t\t\t\t\t\t\t\t\t\t\t\t<\/div>\n\t\t\t\t<\/div>\n\t\t<div class=\"elementor-element elementor-element-eb77a53 e-con-full e-flex e-con e-child\" data-id=\"eb77a53\" data-element_type=\"container\" data-e-type=\"container\">\n\t\t\t\t<div class=\"elementor-element elementor-element-70cc108 elementor-invisible elementor-widget elementor-widget-image\" data-id=\"70cc108\" data-element_type=\"widget\" data-e-type=\"widget\" data-settings=\"{&quot;_animation&quot;:&quot;fadeInUp&quot;}\" data-widget_type=\"image.default\">\n\t\t\t\t\t\t\t\t\t\t\t\t\t\t\t<img decoding=\"async\" src=\"https:\/\/gruposantamaria.com\/condominiosolaris\/wp-content\/uploads\/2025\/10\/logo-santamaria.svg\" title=\"logo-santamaria\" alt=\"logo-santamaria\" loading=\"lazy\" \/>\t\t\t\t\t\t\t\t\t\t\t\t\t\t\t<\/div>\n\t\t\t\t<div class=\"elementor-element elementor-element-b19b90b elementor-invisible elementor-widget elementor-widget-heading\" data-id=\"b19b90b\" data-element_type=\"widget\" data-e-type=\"widget\" data-settings=\"{&quot;_animation&quot;:&quot;fadeInUp&quot;,&quot;_animation_delay&quot;:400}\" data-widget_type=\"heading.default\">\n\t\t\t\t\t<p class=\"elementor-heading-title elementor-size-default\">Hace m\u00e1s de 13 a\u00f1os comenzamos a construir confianza como Grupo Octagon. Cada proyecto que desarrollamos nace del compromiso de cumplir con lo que prometemos, con integridad y con la convicci\u00f3n de crear espacios que mejoren la vida de las personas. Nuestra reputaci\u00f3n ha sido forjada por la satisfacci\u00f3n de nuestros clientes, por una ejecuci\u00f3n cuidada al detalle y por una forma de trabajar que armoniza la practicidad, el dise\u00f1o y el confort. Gracias a esa confianza, hoy como Grupo Santa Mar\u00eda seguimos contacto las historias de \u00e9xito, una a una de nuestros\u00a0clientes.<\/p>\t\t\t\t<\/div>\n\t\t\t\t<\/div>\n\t\t\t\t\t<\/div>\n\t\t\t\t<\/div>\n\t\t<div class=\"elementor-element elementor-element-79decbb e-flex e-con-boxed e-con e-parent\" data-id=\"79decbb\" data-element_type=\"container\" data-e-type=\"container\">\n\t\t\t\t\t<div class=\"e-con-inner\">\n\t\t\t\t<div class=\"elementor-element elementor-element-fa48540 elementor-invisible elementor-widget elementor-widget-heading\" data-id=\"fa48540\" data-element_type=\"widget\" data-e-type=\"widget\" data-settings=\"{&quot;_animation&quot;:&quot;fadeInUp&quot;}\" data-widget_type=\"heading.default\">\n\t\t\t\t\t<h2 class=\"elementor-heading-title elementor-size-default\"><b>NUESTRO LEGADO<\/b><br class=\"d-lg-block d-none\">\nEN CADA PROYECTO ENTREGADO<\/h2>\t\t\t\t<\/div>\n\t\t\t\t<div class=\"elementor-element elementor-element-d53d588 elementor-invisible elementor-widget elementor-widget-ucaddon_slider_proyectos_entregados\" data-id=\"d53d588\" data-element_type=\"widget\" data-e-type=\"widget\" data-settings=\"{&quot;_animation&quot;:&quot;fadeIn&quot;,&quot;_animation_delay&quot;:800}\" data-widget_type=\"ucaddon_slider_proyectos_entregados.default\">\n\t\t\t\t<div class=\"elementor-widget-container\">\n\t\t\t\t\t\n<!-- start Slider Proyectos Entregados -->\n<style>\/* widget: Slider Proyectos Entregados *\/\n\n#uc_slider_proyectos_entregados_elementor_d53d588{\n\tpadding-bottom: 40px;\n}\n.contimg_entreg{\n\tposition: relative;\n    overflow: hidden;\n    border-radius: 15px 15px 0 0;\n}\n.imgentregfach{\n\tborder-radius: 15px 15px 0 0 !important;\n    transition: .5s all;\n}\n.contimg_entreg:hover .imgentregfach{\n\ttransform: scale(1.1);\n}\n.continfo_entreg{\n\tposition: relative;\n    border-radius: 0 0 8px 8px;\n    padding: 27px 21px;\n    box-shadow: inset 0 -1px 5px 0 rgba(0, 0, 0, 0.30), inset 0 0px 0px 0px rgba(0, 0, 0, 0.15);\n}\n.titproentrg{\n\tcolor: #537C95;\n    font-family: \"Gotham\";\n    font-size: 16px;\n    font-style: normal;\n    font-weight: 500;\n    line-height: 24px;\n  \tmargin-bottom: 0;\n}\n.logoproentreg{\n\tposition: absolute;\n    bottom: 17px;\n    right: 20px;\n    height: 45px !important;\n    object-fit: contain;\n    border-radius: 8px !important;\n    box-shadow: 0 1px 2px 0 rgba(0, 0, 0, 0.30), 0 2px 6px 2px rgba(0, 0, 0, 0.15) !important;\n    padding: 9px 15px;\n}\n\n#uc_slider_proyectos_entregados_elementor_d53d588 .swiper-pagination{\n\tbottom: 0;\n}\n#uc_slider_proyectos_entregados_elementor_d53d588 .swiper-pagination-bullet{\n\theight: 12px;\n    width: 12px;\n}\n#uc_slider_proyectos_entregados_elementor_d53d588 .swiper-pagination-bullet-active{\n\tbackground: #A0B072;\n}\n\n<\/style>\n\n<!-- Swiper -->\n<div id=\"uc_slider_proyectos_entregados_elementor_d53d588\" class=\"swiper\">\n  <div class=\"swiper-wrapper\">\n    <div class=\"swiper-slide\">\n  <div class=\"card_entregado\">\n    <div class=\"contimg_entreg\">\n      <img decoding=\"async\" class=\"imgentregfach\" src=\"https:\/\/gruposantamaria.com\/condominiosolaris\/wp-content\/uploads\/2025\/11\/miramar.jpg\" alt=\"miramar\">\n    <\/div>\n    <div class=\"continfo_entreg\">\n      <h3 class=\"titproentrg\">SAN BARTOLO<\/h3>\n      <img decoding=\"async\" class=\"logoproentreg\" src=\"https:\/\/gruposantamaria.com\/condominiosolaris\/wp-content\/uploads\/2025\/11\/MIRAMAR.png\" alt=\"MIRAMAR\">\n    <\/div>\n  <\/div>\n<\/div>\n<div class=\"swiper-slide\">\n  <div class=\"card_entregado\">\n    <div class=\"contimg_entreg\">\n      <img decoding=\"async\" class=\"imgentregfach\" src=\"https:\/\/gruposantamaria.com\/condominiosolaris\/wp-content\/uploads\/2025\/11\/arise.jpg\" alt=\"arise\">\n    <\/div>\n    <div class=\"continfo_entreg\">\n      <h3 class=\"titproentrg\">CHORRILLOS<\/h3>\n      <img decoding=\"async\" class=\"logoproentreg\" src=\"https:\/\/gruposantamaria.com\/condominiosolaris\/wp-content\/uploads\/2025\/11\/ARISE.png\" alt=\"ARISE\">\n    <\/div>\n  <\/div>\n<\/div>\n<div class=\"swiper-slide\">\n  <div class=\"card_entregado\">\n    <div class=\"contimg_entreg\">\n      <img decoding=\"async\" class=\"imgentregfach\" src=\"https:\/\/gruposantamaria.com\/condominiosolaris\/wp-content\/uploads\/2025\/11\/the-modern.jpg\" alt=\"the modern\">\n    <\/div>\n    <div class=\"continfo_entreg\">\n      <h3 class=\"titproentrg\">BARRANCO<\/h3>\n      <img decoding=\"async\" class=\"logoproentreg\" src=\"https:\/\/gruposantamaria.com\/condominiosolaris\/wp-content\/uploads\/2025\/11\/THE-MODERN.png\" alt=\"THE MODERN\">\n    <\/div>\n  <\/div>\n<\/div>\n<div class=\"swiper-slide\">\n  <div class=\"card_entregado\">\n    <div class=\"contimg_entreg\">\n      <img decoding=\"async\" class=\"imgentregfach\" src=\"https:\/\/gruposantamaria.com\/condominiosolaris\/wp-content\/uploads\/2025\/11\/the-grand.jpg\" alt=\"the grand\">\n    <\/div>\n    <div class=\"continfo_entreg\">\n      <h3 class=\"titproentrg\">SAN ISIDRO<\/h3>\n      <img decoding=\"async\" class=\"logoproentreg\" src=\"https:\/\/gruposantamaria.com\/condominiosolaris\/wp-content\/uploads\/2025\/11\/THE-GARND.png\" alt=\"THE GARND\">\n    <\/div>\n  <\/div>\n<\/div>\n<div class=\"swiper-slide\">\n  <div class=\"card_entregado\">\n    <div class=\"contimg_entreg\">\n      <img decoding=\"async\" class=\"imgentregfach\" src=\"https:\/\/gruposantamaria.com\/condominiosolaris\/wp-content\/uploads\/2025\/11\/proyectos-entregados-400x308-1.jpg\" alt=\"proyectos entregados 400x308\">\n    <\/div>\n    <div class=\"continfo_entreg\">\n      <h3 class=\"titproentrg\">BARRANCO - OFICINAS<\/h3>\n      <img decoding=\"async\" class=\"logoproentreg\" src=\"https:\/\/gruposantamaria.com\/condominiosolaris\/wp-content\/uploads\/2025\/11\/logo-oficina-110x45-1.png\" alt=\"logo-oficina-110x45\">\n    <\/div>\n  <\/div>\n<\/div>\n\n  <\/div>\n  <div class=\"d-lg-none d-block swiper-pagination\"><\/div>\n<\/div>\n<!-- end Slider Proyectos Entregados -->\t\t\t\t<\/div>\n\t\t\t\t<\/div>\n\t\t\t\t\t<\/div>\n\t\t\t\t<\/div>\n\t\t<div class=\"elementor-element elementor-element-549a1f8 elementor-hidden-desktop elementor-hidden-tablet elementor-hidden-mobile e-flex e-con-boxed e-con e-parent\" data-id=\"549a1f8\" data-element_type=\"container\" data-e-type=\"container\">\n\t\t\t\t\t<div class=\"e-con-inner\">\n\t\t<div class=\"elementor-element elementor-element-4631ceb e-con-full e-flex e-con e-child\" data-id=\"4631ceb\" data-element_type=\"container\" data-e-type=\"container\">\n\t\t\t\t<div class=\"elementor-element elementor-element-48f72a4 elementor-widget elementor-widget-heading\" data-id=\"48f72a4\" data-element_type=\"widget\" data-e-type=\"widget\" data-widget_type=\"heading.default\">\n\t\t\t\t\t<h2 class=\"elementor-heading-title elementor-size-default\">HISTORIA REALES DE QUIENES <br class=\"d-lg-block d-none\">\n<b>YA ELIGIERON SU HOGAR<\/b><\/h2>\t\t\t\t<\/div>\n\t\t\t\t<div class=\"elementor-element elementor-element-e6e3e41 elementor-widget elementor-widget-image\" data-id=\"e6e3e41\" data-element_type=\"widget\" data-e-type=\"widget\" data-widget_type=\"image.default\">\n\t\t\t\t\t\t\t\t\t\t\t\t\t\t\t<img decoding=\"async\" src=\"https:\/\/gruposantamaria.com\/condominiosolaris\/wp-content\/uploads\/2025\/10\/testimonio.webp\" title=\"testimonio\" alt=\"testimonio\" loading=\"lazy\" \/>\t\t\t\t\t\t\t\t\t\t\t\t\t\t\t<\/div>\n\t\t\t\t<\/div>\n\t\t<div class=\"elementor-element elementor-element-90bef35 e-con-full e-flex e-con e-child\" data-id=\"90bef35\" data-element_type=\"container\" data-e-type=\"container\">\n\t\t\t\t<div class=\"elementor-element elementor-element-9955e3a elementor-widget elementor-widget-ucaddon_slider_testimonio\" data-id=\"9955e3a\" data-element_type=\"widget\" data-e-type=\"widget\" data-widget_type=\"ucaddon_slider_testimonio.default\">\n\t\t\t\t<div class=\"elementor-widget-container\">\n\t\t\t\t\t\n<!-- start Slider Testimonio -->\n<style>\/* widget: Slider Testimonio *\/\n\n#uc_slider_testimonio_elementor_9955e3a{\n\tborder-radius: 8px;\n\tbox-shadow: 0 1px 2px 0 rgba(0, 0, 0, 0.30), 0 2px 6px 2px rgba(0, 0, 0, 0.15);\n}\n.imgcomilla_test{\n\tposition: absolute;\n    right: 16px;\n    top: 16px;\n}\n\n#uc_slider_testimonio_elementor_9955e3a .nav_control{\n\ttext-align: right;\n    padding: 16px;\n}\n#uc_slider_testimonio_elementor_9955e3a .navprev_testi, #uc_slider_testimonio_elementor_9955e3a .navnext_testi{\n\tcursor: pointer;\n}\n#uc_slider_testimonio_elementor_9955e3a .navprev_testi{\n\tmargin-right: 15px;\n}\n\n.continfotesti{\n\tpadding: 16px;\n}\n.name_testi{\n\tcolor: #537C95;\n    font-family: \"Gotham\";\n    font-size: 16px;\n    font-style: normal;\n    font-weight: 500;\n    line-height: 24px;\n}\n.date_testi{\n\tcolor: #537C95;\n    font-family: \"Gotham\";\n    font-size: 12px;\n    font-style: normal;\n    font-weight: 100;\n    line-height: 16px;\n    margin-bottom: 15px;\n}\n.info_testi{\n\tcolor: #537C95;\n    font-family: \"Gotham\";\n    font-size: 16px;\n    font-style: normal;\n    font-weight: 100;\n    line-height: 24px;\n}\n\n<\/style>\n\n<!-- Swiper -->\n<div id=\"uc_slider_testimonio_elementor_9955e3a\" class=\"swiper\">\n  <img decoding=\"async\" class=\"imgcomilla_test\" src=\"https:\/\/gruposantamaria.com\/condominiosolaris\/wp-content\/uploads\/2025\/10\/comillas.svg\" alt=\"comillas\">\n  <div class=\"swiper-wrapper\">\n    <div class=\"swiper-slide\">\n  <div class=\"continfotesti\">\n    <p class=\"name_testi\">Paola Santos<\/p>\n    <p class=\"date_testi\">12 Nov, 2025<\/p>\n    <p class=\"info_testi\">Lorem Ipsum is simply dummy text of the printing and typesetting industry. Lorem Ipsum has been the industry's standard dummy text ever since the 1500s<\/p>\n  <\/div>\n<\/div>\n<div class=\"swiper-slide\">\n  <div class=\"continfotesti\">\n    <p class=\"name_testi\">Paola Santos2<\/p>\n    <p class=\"date_testi\">12 Nov, 2024<\/p>\n    <p class=\"info_testi\">Lorem Ipsum is simply dummy text of the printing and typesetting industry. Lorem Ipsum has been the industry's standard dummy text ever since the 1500s Lorem Ipsum is simply dummy text of the printing and typesetting industry. Lorem Ipsum has been the industry's standard dummy text ever since the 1500s<\/p>\n  <\/div>\n<\/div>\n<div class=\"swiper-slide\">\n  <div class=\"continfotesti\">\n    <p class=\"name_testi\">Paola Santos3<\/p>\n    <p class=\"date_testi\">12 Sep, 2025<\/p>\n    <p class=\"info_testi\">Lorem Ipsum is simply dummy text of the printing and typesetting industry. Lorem Ipsum has been the industry's standard dummy text ever since the 1500s<\/p>\n  <\/div>\n<\/div>\n\n  <\/div>\n  <!-- Navegaci\u00f3n -->\n  <div class=\"nav_control\">\n    <img decoding=\"async\" class=\"navprev_testi\" src=\"https:\/\/gruposantamaria.com\/condominiosolaris\/wp-content\/uploads\/2025\/10\/arrow_prev.svg\" alt=\"arrow_prev\">\n    <img decoding=\"async\" class=\"navnext_testi\" src=\"https:\/\/gruposantamaria.com\/condominiosolaris\/wp-content\/uploads\/2025\/10\/arrow_next.svg\" alt=\"arrow_next\">\n  <\/div>\n<\/div>\n<!-- end Slider Testimonio -->\t\t\t\t<\/div>\n\t\t\t\t<\/div>\n\t\t\t\t<\/div>\n\t\t\t\t\t<\/div>\n\t\t\t\t<\/div>\n\t\t\t\t<\/div>\n\t\t","protected":false},"excerpt":{"rendered":"<p>Hace m\u00e1s de 13 a\u00f1os comenzamos a construir confianza como Grupo Octagon. Cada proyecto que desarrollamos nace del compromiso de cumplir con lo que prometemos, con integridad y con la convicci\u00f3n de crear espacios que mejoren la vida de las personas. Nuestra reputaci\u00f3n ha sido forjada por la satisfacci\u00f3n de nuestros clientes, por una ejecuci\u00f3n&hellip; <a class=\"more-link\" href=\"https:\/\/gruposantamaria.com\/condominiosolaris\/nosotros\/\">Seguir leyendo <span class=\"screen-reader-text\">Nosotros<\/span><\/a><\/p>\n","protected":false},"author":1,"featured_media":0,"parent":0,"menu_order":0,"comment_status":"closed","ping_status":"closed","template":"elementor_header_footer","meta":{"footnotes":""},"class_list":["post-255","page","type-page","status-publish","hentry","entry"],"yoast_head":"<!-- This site is optimized with the Yoast SEO plugin v27.2 - https:\/\/yoast.com\/product\/yoast-seo-wordpress\/ -->\n<title>Nosotros - Condominio Solaris<\/title>\n<meta name=\"robots\" content=\"index, follow, max-snippet:-1, max-image-preview:large, max-video-preview:-1\" \/>\n<link rel=\"canonical\" href=\"https:\/\/gruposantamaria.com\/condominiosolaris\/nosotros\/\" \/>\n<meta property=\"og:locale\" content=\"es_ES\" \/>\n<meta property=\"og:type\" content=\"article\" \/>\n<meta property=\"og:title\" content=\"Nosotros - Condominio Solaris\" \/>\n<meta property=\"og:description\" content=\"Hace m\u00e1s de 13 a\u00f1os comenzamos a construir confianza como Grupo Octagon. Cada proyecto que desarrollamos nace del compromiso de cumplir con lo que prometemos, con integridad y con la convicci\u00f3n de crear espacios que mejoren la vida de las personas. Nuestra reputaci\u00f3n ha sido forjada por la satisfacci\u00f3n de nuestros clientes, por una ejecuci\u00f3n&hellip; Seguir leyendo Nosotros\" \/>\n<meta property=\"og:url\" content=\"https:\/\/gruposantamaria.com\/condominiosolaris\/nosotros\/\" \/>\n<meta property=\"og:site_name\" content=\"Condominio Solaris\" \/>\n<meta property=\"article:modified_time\" content=\"2025-11-10T20:20:56+00:00\" \/>\n<meta property=\"og:image\" content=\"https:\/\/gruposantamaria.com\/condominiosolaris\/wp-content\/uploads\/2025\/11\/fachada-miramar-606x561-1.png\" \/>\n<meta name=\"twitter:card\" content=\"summary_large_image\" \/>\n<meta name=\"twitter:label1\" content=\"Tiempo de lectura\" \/>\n\t<meta name=\"twitter:data1\" content=\"4 minutos\" \/>\n<script type=\"application\/ld+json\" class=\"yoast-schema-graph\">{\"@context\":\"https:\/\/schema.org\",\"@graph\":[{\"@type\":\"WebPage\",\"@id\":\"https:\/\/gruposantamaria.com\/condominiosolaris\/nosotros\/\",\"url\":\"https:\/\/gruposantamaria.com\/condominiosolaris\/nosotros\/\",\"name\":\"Nosotros - Condominio Solaris\",\"isPartOf\":{\"@id\":\"https:\/\/gruposantamaria.com\/condominiosolaris\/#website\"},\"primaryImageOfPage\":{\"@id\":\"https:\/\/gruposantamaria.com\/condominiosolaris\/nosotros\/#primaryimage\"},\"image\":{\"@id\":\"https:\/\/gruposantamaria.com\/condominiosolaris\/nosotros\/#primaryimage\"},\"thumbnailUrl\":\"https:\/\/gruposantamaria.com\/condominiosolaris\/wp-content\/uploads\/2025\/11\/fachada-miramar-606x561-1.png\",\"datePublished\":\"2025-10-27T14:51:06+00:00\",\"dateModified\":\"2025-11-10T20:20:56+00:00\",\"breadcrumb\":{\"@id\":\"https:\/\/gruposantamaria.com\/condominiosolaris\/nosotros\/#breadcrumb\"},\"inLanguage\":\"es\",\"potentialAction\":[{\"@type\":\"ReadAction\",\"target\":[\"https:\/\/gruposantamaria.com\/condominiosolaris\/nosotros\/\"]}]},{\"@type\":\"ImageObject\",\"inLanguage\":\"es\",\"@id\":\"https:\/\/gruposantamaria.com\/condominiosolaris\/nosotros\/#primaryimage\",\"url\":\"https:\/\/gruposantamaria.com\/condominiosolaris\/wp-content\/uploads\/2025\/11\/fachada-miramar-606x561-1.png\",\"contentUrl\":\"https:\/\/gruposantamaria.com\/condominiosolaris\/wp-content\/uploads\/2025\/11\/fachada-miramar-606x561-1.png\",\"width\":606,\"height\":561},{\"@type\":\"BreadcrumbList\",\"@id\":\"https:\/\/gruposantamaria.com\/condominiosolaris\/nosotros\/#breadcrumb\",\"itemListElement\":[{\"@type\":\"ListItem\",\"position\":1,\"name\":\"Portada\",\"item\":\"https:\/\/gruposantamaria.com\/condominiosolaris\/\"},{\"@type\":\"ListItem\",\"position\":2,\"name\":\"Nosotros\"}]},{\"@type\":\"WebSite\",\"@id\":\"https:\/\/gruposantamaria.com\/condominiosolaris\/#website\",\"url\":\"https:\/\/gruposantamaria.com\/condominiosolaris\/\",\"name\":\"Solaris\",\"description\":\"\",\"publisher\":{\"@id\":\"https:\/\/gruposantamaria.com\/condominiosolaris\/#organization\"},\"potentialAction\":[{\"@type\":\"SearchAction\",\"target\":{\"@type\":\"EntryPoint\",\"urlTemplate\":\"https:\/\/gruposantamaria.com\/condominiosolaris\/?s={search_term_string}\"},\"query-input\":{\"@type\":\"PropertyValueSpecification\",\"valueRequired\":true,\"valueName\":\"search_term_string\"}}],\"inLanguage\":\"es\"},{\"@type\":\"Organization\",\"@id\":\"https:\/\/gruposantamaria.com\/condominiosolaris\/#organization\",\"name\":\"Solaris\",\"url\":\"https:\/\/gruposantamaria.com\/condominiosolaris\/\",\"logo\":{\"@type\":\"ImageObject\",\"inLanguage\":\"es\",\"@id\":\"https:\/\/gruposantamaria.com\/condominiosolaris\/#\/schema\/logo\/image\/\",\"url\":\"https:\/\/gruposantamaria.com\/condominiosolaris\/wp-content\/uploads\/2025\/10\/logo-solari.svg\",\"contentUrl\":\"https:\/\/gruposantamaria.com\/condominiosolaris\/wp-content\/uploads\/2025\/10\/logo-solari.svg\",\"width\":110,\"height\":45,\"caption\":\"Solaris\"},\"image\":{\"@id\":\"https:\/\/gruposantamaria.com\/condominiosolaris\/#\/schema\/logo\/image\/\"}}]}<\/script>\n<!-- \/ Yoast SEO plugin. -->","yoast_head_json":{"title":"Nosotros - Condominio Solaris","robots":{"index":"index","follow":"follow","max-snippet":"max-snippet:-1","max-image-preview":"max-image-preview:large","max-video-preview":"max-video-preview:-1"},"canonical":"https:\/\/gruposantamaria.com\/condominiosolaris\/nosotros\/","og_locale":"es_ES","og_type":"article","og_title":"Nosotros - Condominio Solaris","og_description":"Hace m\u00e1s de 13 a\u00f1os comenzamos a construir confianza como Grupo Octagon. Cada proyecto que desarrollamos nace del compromiso de cumplir con lo que prometemos, con integridad y con la convicci\u00f3n de crear espacios que mejoren la vida de las personas. Nuestra reputaci\u00f3n ha sido forjada por la satisfacci\u00f3n de nuestros clientes, por una ejecuci\u00f3n&hellip; Seguir leyendo Nosotros","og_url":"https:\/\/gruposantamaria.com\/condominiosolaris\/nosotros\/","og_site_name":"Condominio Solaris","article_modified_time":"2025-11-10T20:20:56+00:00","og_image":[{"url":"https:\/\/gruposantamaria.com\/condominiosolaris\/wp-content\/uploads\/2025\/11\/fachada-miramar-606x561-1.png","type":"","width":"","height":""}],"twitter_card":"summary_large_image","twitter_misc":{"Tiempo de lectura":"4 minutos"},"schema":{"@context":"https:\/\/schema.org","@graph":[{"@type":"WebPage","@id":"https:\/\/gruposantamaria.com\/condominiosolaris\/nosotros\/","url":"https:\/\/gruposantamaria.com\/condominiosolaris\/nosotros\/","name":"Nosotros - Condominio Solaris","isPartOf":{"@id":"https:\/\/gruposantamaria.com\/condominiosolaris\/#website"},"primaryImageOfPage":{"@id":"https:\/\/gruposantamaria.com\/condominiosolaris\/nosotros\/#primaryimage"},"image":{"@id":"https:\/\/gruposantamaria.com\/condominiosolaris\/nosotros\/#primaryimage"},"thumbnailUrl":"https:\/\/gruposantamaria.com\/condominiosolaris\/wp-content\/uploads\/2025\/11\/fachada-miramar-606x561-1.png","datePublished":"2025-10-27T14:51:06+00:00","dateModified":"2025-11-10T20:20:56+00:00","breadcrumb":{"@id":"https:\/\/gruposantamaria.com\/condominiosolaris\/nosotros\/#breadcrumb"},"inLanguage":"es","potentialAction":[{"@type":"ReadAction","target":["https:\/\/gruposantamaria.com\/condominiosolaris\/nosotros\/"]}]},{"@type":"ImageObject","inLanguage":"es","@id":"https:\/\/gruposantamaria.com\/condominiosolaris\/nosotros\/#primaryimage","url":"https:\/\/gruposantamaria.com\/condominiosolaris\/wp-content\/uploads\/2025\/11\/fachada-miramar-606x561-1.png","contentUrl":"https:\/\/gruposantamaria.com\/condominiosolaris\/wp-content\/uploads\/2025\/11\/fachada-miramar-606x561-1.png","width":606,"height":561},{"@type":"BreadcrumbList","@id":"https:\/\/gruposantamaria.com\/condominiosolaris\/nosotros\/#breadcrumb","itemListElement":[{"@type":"ListItem","position":1,"name":"Portada","item":"https:\/\/gruposantamaria.com\/condominiosolaris\/"},{"@type":"ListItem","position":2,"name":"Nosotros"}]},{"@type":"WebSite","@id":"https:\/\/gruposantamaria.com\/condominiosolaris\/#website","url":"https:\/\/gruposantamaria.com\/condominiosolaris\/","name":"Solaris","description":"","publisher":{"@id":"https:\/\/gruposantamaria.com\/condominiosolaris\/#organization"},"potentialAction":[{"@type":"SearchAction","target":{"@type":"EntryPoint","urlTemplate":"https:\/\/gruposantamaria.com\/condominiosolaris\/?s={search_term_string}"},"query-input":{"@type":"PropertyValueSpecification","valueRequired":true,"valueName":"search_term_string"}}],"inLanguage":"es"},{"@type":"Organization","@id":"https:\/\/gruposantamaria.com\/condominiosolaris\/#organization","name":"Solaris","url":"https:\/\/gruposantamaria.com\/condominiosolaris\/","logo":{"@type":"ImageObject","inLanguage":"es","@id":"https:\/\/gruposantamaria.com\/condominiosolaris\/#\/schema\/logo\/image\/","url":"https:\/\/gruposantamaria.com\/condominiosolaris\/wp-content\/uploads\/2025\/10\/logo-solari.svg","contentUrl":"https:\/\/gruposantamaria.com\/condominiosolaris\/wp-content\/uploads\/2025\/10\/logo-solari.svg","width":110,"height":45,"caption":"Solaris"},"image":{"@id":"https:\/\/gruposantamaria.com\/condominiosolaris\/#\/schema\/logo\/image\/"}}]}},"_links":{"self":[{"href":"https:\/\/gruposantamaria.com\/condominiosolaris\/wp-json\/wp\/v2\/pages\/255","targetHints":{"allow":["GET"]}}],"collection":[{"href":"https:\/\/gruposantamaria.com\/condominiosolaris\/wp-json\/wp\/v2\/pages"}],"about":[{"href":"https:\/\/gruposantamaria.com\/condominiosolaris\/wp-json\/wp\/v2\/types\/page"}],"author":[{"embeddable":true,"href":"https:\/\/gruposantamaria.com\/condominiosolaris\/wp-json\/wp\/v2\/users\/1"}],"replies":[{"embeddable":true,"href":"https:\/\/gruposantamaria.com\/condominiosolaris\/wp-json\/wp\/v2\/comments?post=255"}],"version-history":[{"count":76,"href":"https:\/\/gruposantamaria.com\/condominiosolaris\/wp-json\/wp\/v2\/pages\/255\/revisions"}],"predecessor-version":[{"id":1045,"href":"https:\/\/gruposantamaria.com\/condominiosolaris\/wp-json\/wp\/v2\/pages\/255\/revisions\/1045"}],"wp:attachment":[{"href":"https:\/\/gruposantamaria.com\/condominiosolaris\/wp-json\/wp\/v2\/media?parent=255"}],"curies":[{"name":"wp","href":"https:\/\/api.w.org\/{rel}","templated":true}]}}